{"id":12,"date":"2025-12-11T10:54:31","date_gmt":"2025-12-11T09:54:31","guid":{"rendered":"https:\/\/rokorendo.com\/?page_id=12"},"modified":"2025-12-11T13:13:26","modified_gmt":"2025-12-11T12:13:26","slug":"rokorendo-soluciones-en-gestion-economica-e-inmobiliaria","status":"publish","type":"page","link":"https:\/\/rokorendo.com\/","title":{"rendered":"Rokorendo &#8211; Soluciones en gesti\u00f3n econ\u00f3mica e inmobiliaria"},"content":{"rendered":"\t\t<div data-elementor-type=\"wp-page\" data-elementor-id=\"12\" class=\"elementor elementor-12\" data-elementor-post-type=\"page\">\n\t\t\t\t<div class=\"elementor-element elementor-element-297b25d e-flex e-con-boxed e-con e-parent\" data-id=\"297b25d\" data-element_type=\"container\" data-settings=\"{&quot;background_background&quot;:&quot;classic&quot;}\">\n\t\t\t\t\t<div class=\"e-con-inner\">\n\t\t\t\t<div class=\"elementor-element elementor-element-6254f61 elementor-widget elementor-widget-image\" data-id=\"6254f61\" data-element_type=\"widget\" data-widget_type=\"image.default\">\n\t\t\t\t\t\t\t\t\t\t\t\t\t\t\t<img fetchpriority=\"high\" decoding=\"async\" width=\"800\" height=\"179\" src=\"https:\/\/rokorendo.com\/wp-content\/uploads\/2025\/12\/logo-rokorendo-1024x229.png\" class=\"attachment-large size-large wp-image-14\" alt=\"\" srcset=\"https:\/\/rokorendo.com\/wp-content\/uploads\/2025\/12\/logo-rokorendo-1024x229.png 1024w, https:\/\/rokorendo.com\/wp-content\/uploads\/2025\/12\/logo-rokorendo-300x67.png 300w, https:\/\/rokorendo.com\/wp-content\/uploads\/2025\/12\/logo-rokorendo-768x171.png 768w, https:\/\/rokorendo.com\/wp-content\/uploads\/2025\/12\/logo-rokorendo.png 1241w\" sizes=\"(max-width: 800px) 100vw, 800px\" \/>\t\t\t\t\t\t\t\t\t\t\t\t\t\t\t<\/div>\n\t\t\t\t<div class=\"elementor-element elementor-element-73ca41f elementor-widget elementor-widget-heading\" data-id=\"73ca41f\" data-element_type=\"widget\" data-widget_type=\"heading.default\">\n\t\t\t\t\t<h1 class=\"elementor-heading-title elementor-size-default\">Soluciones en gesti\u00f3n econ\u00f3mica e inmobiliaria<\/h1>\t\t\t\t<\/div>\n\t\t\t\t\t<\/div>\n\t\t\t\t<\/div>\n\t\t<div class=\"elementor-element elementor-element-15f19bc e-flex e-con-boxed e-con e-parent\" data-id=\"15f19bc\" data-element_type=\"container\">\n\t\t\t\t\t<div class=\"e-con-inner\">\n\t\t\t\t<div class=\"elementor-element elementor-element-04a1e2d elementor-widget elementor-widget-text-editor\" data-id=\"04a1e2d\" data-element_type=\"widget\" data-widget_type=\"text-editor.default\">\n\t\t\t\t\t\t\t\t\t<p>En Rokorendo ofrecemos <strong>apoyo especializado<\/strong> en proyectos econ\u00f3micos e inmobiliarios, aportando <strong>claridad, orden y soluciones pr\u00e1cticas<\/strong> en cada etapa. Acompa\u00f1amos tanto a empresas como a particulares en la gesti\u00f3n, organizaci\u00f3n y resoluci\u00f3n de situaciones complejas, siempre con un <strong>enfoque directo, discreto y orientado a resultados.<\/strong><\/p>\t\t\t\t\t\t\t\t<\/div>\n\t\t\t\t\t<\/div>\n\t\t\t\t<\/div>\n\t\t<div class=\"elementor-element elementor-element-d221635 e-flex e-con-boxed e-con e-parent\" data-id=\"d221635\" data-element_type=\"container\" id=\"somos\">\n\t\t\t\t\t<div class=\"e-con-inner\">\n\t\t<div class=\"elementor-element elementor-element-e737c86 e-con-full e-flex e-con e-child\" data-id=\"e737c86\" data-element_type=\"container\">\n\t\t\t\t<div class=\"elementor-element elementor-element-c51aaf7 elementor-widget elementor-widget-image\" data-id=\"c51aaf7\" data-element_type=\"widget\" data-widget_type=\"image.default\">\n\t\t\t\t\t\t\t\t\t\t\t\t\t\t\t<img decoding=\"async\" width=\"800\" height=\"531\" src=\"https:\/\/rokorendo.com\/wp-content\/uploads\/2025\/12\/asesor-financiero-1024x680.webp\" class=\"attachment-large size-large wp-image-29\" alt=\"\" srcset=\"https:\/\/rokorendo.com\/wp-content\/uploads\/2025\/12\/asesor-financiero-1024x680.webp 1024w, https:\/\/rokorendo.com\/wp-content\/uploads\/2025\/12\/asesor-financiero-300x199.webp 300w, https:\/\/rokorendo.com\/wp-content\/uploads\/2025\/12\/asesor-financiero-768x510.webp 768w, https:\/\/rokorendo.com\/wp-content\/uploads\/2025\/12\/asesor-financiero-1536x1020.webp 1536w, https:\/\/rokorendo.com\/wp-content\/uploads\/2025\/12\/asesor-financiero.webp 1882w\" sizes=\"(max-width: 800px) 100vw, 800px\" \/>\t\t\t\t\t\t\t\t\t\t\t\t\t\t\t<\/div>\n\t\t\t\t<\/div>\n\t\t<div class=\"elementor-element elementor-element-ae58773 e-con-full e-flex e-con e-child\" data-id=\"ae58773\" data-element_type=\"container\">\n\t\t\t\t<div class=\"elementor-element elementor-element-e92f42f elementor-widget elementor-widget-heading\" data-id=\"e92f42f\" data-element_type=\"widget\" data-widget_type=\"heading.default\">\n\t\t\t\t\t<h2 class=\"elementor-heading-title elementor-size-default\">Qui\u00e9nes somos<\/h2>\t\t\t\t<\/div>\n\t\t\t\t<div class=\"elementor-element elementor-element-87c22ae elementor-widget-divider--view-line elementor-widget elementor-widget-divider\" data-id=\"87c22ae\" data-element_type=\"widget\" data-widget_type=\"divider.default\">\n\t\t\t\t\t\t\t<div class=\"elementor-divider\">\n\t\t\t<span class=\"elementor-divider-separator\">\n\t\t\t\t\t\t<\/span>\n\t\t<\/div>\n\t\t\t\t\t\t<\/div>\n\t\t\t\t<div class=\"elementor-element elementor-element-b2385c5 elementor-widget elementor-widget-text-editor\" data-id=\"b2385c5\" data-element_type=\"widget\" data-widget_type=\"text-editor.default\">\n\t\t\t\t\t\t\t\t\t<p>En Rokorendo trabajamos para aportar <strong>orden, claridad y soluciones<\/strong> en el \u00e1mbito econ\u00f3mico e inmobiliario.<\/p><p>Nuestro enfoque es pr\u00e1ctico y directo: <strong>analizar cada caso, identificar los puntos cr\u00edticos y construir un camino seguro<\/strong> y viable para avanzar.<\/p><p>Nuestro objetivo es simplificar la gesti\u00f3n y ofrecer apoyo experto en momentos en los que hace falta <strong>criterio, experiencia y una visi\u00f3n global<\/strong>.<\/p>\t\t\t\t\t\t\t\t<\/div>\n\t\t\t\t<\/div>\n\t\t\t\t\t<\/div>\n\t\t\t\t<\/div>\n\t\t<div class=\"elementor-element elementor-element-2ecffcb e-flex e-con-boxed e-con e-parent\" data-id=\"2ecffcb\" data-element_type=\"container\" id=\"hacemos\" data-settings=\"{&quot;background_background&quot;:&quot;classic&quot;}\">\n\t\t\t\t\t<div class=\"e-con-inner\">\n\t\t<div class=\"elementor-element elementor-element-84083c5 e-con-full e-flex e-con e-child\" data-id=\"84083c5\" data-element_type=\"container\">\n\t\t\t\t<div class=\"elementor-element elementor-element-89404f6 elementor-widget elementor-widget-heading\" data-id=\"89404f6\" data-element_type=\"widget\" data-widget_type=\"heading.default\">\n\t\t\t\t\t<h2 class=\"elementor-heading-title elementor-size-default\">Qu\u00e9 hacemos<\/h2>\t\t\t\t<\/div>\n\t\t\t\t<div class=\"elementor-element elementor-element-e25b369 elementor-widget-divider--view-line elementor-widget elementor-widget-divider\" data-id=\"e25b369\" data-element_type=\"widget\" data-widget_type=\"divider.default\">\n\t\t\t\t\t\t\t<div class=\"elementor-divider\">\n\t\t\t<span class=\"elementor-divider-separator\">\n\t\t\t\t\t\t<\/span>\n\t\t<\/div>\n\t\t\t\t\t\t<\/div>\n\t\t\t\t<div class=\"elementor-element elementor-element-70a8e36 elementor-widget elementor-widget-text-editor\" data-id=\"70a8e36\" data-element_type=\"widget\" data-widget_type=\"text-editor.default\">\n\t\t\t\t\t\t\t\t\t<p><strong>Asesoramiento en proyectos econ\u00f3micos<\/strong><\/p><ul><li>Acompa\u00f1amos iniciativas empresariales, inversiones y proyectos en fase de desarrollo.<\/li><li>Evaluamos la viabilidad, las necesidades operativas y los posibles riesgos para definir un plan de actuaci\u00f3n s\u00f3lido.<\/li><\/ul><p>\u00a0<\/p><p><strong>Gesti\u00f3n administrativa y operativa de empresas<\/strong><\/p><ul><li>Nos ocupamos de la organizaci\u00f3n interna, los procesos y el funcionamiento general.<\/li><li>Ayudamos a optimizar recursos, ordenar el d\u00eda a d\u00eda y mejorar la eficiencia de la empresa.<\/li><\/ul><p>\u00a0<\/p><p><strong>Consultor\u00eda inmobiliaria<\/strong><\/p><ul><li>Orientamos en compra, venta, alquiler o desarrollo de inmuebles, tanto para uso particular como profesional.<\/li><li>Analizamos escenarios econ\u00f3micos, riesgos y oportunidades para facilitar decisiones informadas.<\/li><\/ul>\t\t\t\t\t\t\t\t<\/div>\n\t\t\t\t<\/div>\n\t\t<div class=\"elementor-element elementor-element-f85160a e-con-full e-flex e-con e-child\" data-id=\"f85160a\" data-element_type=\"container\">\n\t\t\t\t<div class=\"elementor-element elementor-element-9efa242 elementor-widget elementor-widget-image\" data-id=\"9efa242\" data-element_type=\"widget\" data-widget_type=\"image.default\">\n\t\t\t\t\t\t\t\t\t\t\t\t\t\t\t<img decoding=\"async\" width=\"800\" height=\"800\" src=\"https:\/\/rokorendo.com\/wp-content\/uploads\/2025\/12\/rokorendo-equipo-1024x1024.jpg\" class=\"attachment-large size-large wp-image-30\" alt=\"\" srcset=\"https:\/\/rokorendo.com\/wp-content\/uploads\/2025\/12\/rokorendo-equipo-1024x1024.jpg 1024w, https:\/\/rokorendo.com\/wp-content\/uploads\/2025\/12\/rokorendo-equipo-300x300.jpg 300w, https:\/\/rokorendo.com\/wp-content\/uploads\/2025\/12\/rokorendo-equipo-150x150.jpg 150w, https:\/\/rokorendo.com\/wp-content\/uploads\/2025\/12\/rokorendo-equipo-768x768.jpg 768w, https:\/\/rokorendo.com\/wp-content\/uploads\/2025\/12\/rokorendo-equipo-1536x1536.jpg 1536w, https:\/\/rokorendo.com\/wp-content\/uploads\/2025\/12\/rokorendo-equipo.jpg 1600w\" sizes=\"(max-width: 800px) 100vw, 800px\" \/>\t\t\t\t\t\t\t\t\t\t\t\t\t\t\t<\/div>\n\t\t\t\t<\/div>\n\t\t\t\t\t<\/div>\n\t\t\t\t<\/div>\n\t\t<div class=\"elementor-element elementor-element-497f12f e-flex e-con-boxed e-con e-parent\" data-id=\"497f12f\" data-element_type=\"container\">\n\t\t\t\t\t<div class=\"e-con-inner\">\n\t\t<div class=\"elementor-element elementor-element-d43b252 e-con-full e-flex e-con e-child\" data-id=\"d43b252\" data-element_type=\"container\">\n\t\t\t\t<div class=\"elementor-element elementor-element-df4aec8 elementor-widget elementor-widget-image\" data-id=\"df4aec8\" data-element_type=\"widget\" data-widget_type=\"image.default\">\n\t\t\t\t\t\t\t\t\t\t\t\t\t\t\t<img decoding=\"async\" width=\"800\" height=\"531\" src=\"https:\/\/rokorendo.com\/wp-content\/uploads\/2025\/12\/asesor-financiero-1024x680.webp\" class=\"attachment-large size-large wp-image-29\" alt=\"\" srcset=\"https:\/\/rokorendo.com\/wp-content\/uploads\/2025\/12\/asesor-financiero-1024x680.webp 1024w, https:\/\/rokorendo.com\/wp-content\/uploads\/2025\/12\/asesor-financiero-300x199.webp 300w, https:\/\/rokorendo.com\/wp-content\/uploads\/2025\/12\/asesor-financiero-768x510.webp 768w, https:\/\/rokorendo.com\/wp-content\/uploads\/2025\/12\/asesor-financiero-1536x1020.webp 1536w, https:\/\/rokorendo.com\/wp-content\/uploads\/2025\/12\/asesor-financiero.webp 1882w\" sizes=\"(max-width: 800px) 100vw, 800px\" \/>\t\t\t\t\t\t\t\t\t\t\t\t\t\t\t<\/div>\n\t\t\t\t<\/div>\n\t\t<div class=\"elementor-element elementor-element-23e80a5 e-con-full e-flex e-con e-child\" data-id=\"23e80a5\" data-element_type=\"container\">\n\t\t\t\t<div class=\"elementor-element elementor-element-e88606b elementor-widget elementor-widget-heading\" data-id=\"e88606b\" data-element_type=\"widget\" data-widget_type=\"heading.default\">\n\t\t\t\t\t<h2 class=\"elementor-heading-title elementor-size-default\">Intervenci\u00f3n en situaciones problem\u00e1ticas<\/h2>\t\t\t\t<\/div>\n\t\t\t\t<div class=\"elementor-element elementor-element-19145f0 elementor-widget-divider--view-line elementor-widget elementor-widget-divider\" data-id=\"19145f0\" data-element_type=\"widget\" data-widget_type=\"divider.default\">\n\t\t\t\t\t\t\t<div class=\"elementor-divider\">\n\t\t\t<span class=\"elementor-divider-separator\">\n\t\t\t\t\t\t<\/span>\n\t\t<\/div>\n\t\t\t\t\t\t<\/div>\n\t\t\t\t<div class=\"elementor-element elementor-element-0cb11bf elementor-widget elementor-widget-text-editor\" data-id=\"0cb11bf\" data-element_type=\"widget\" data-widget_type=\"text-editor.default\">\n\t\t\t\t\t\t\t\t\t<p>Estamos especializados en casos que requieren control, discreci\u00f3n y capacidad de gesti\u00f3n:<\/p><ul><li>\u00a0Incidencias econ\u00f3micas<\/li><li>\u00a0Conflictos relacionados con bienes inmuebles<\/li><li>\u00a0Reestructuraciones internas<\/li><li>\u00a0Situaciones que necesitan recuperar el orden y la viabilidad<\/li><\/ul><p>\u00a0<\/p><p>Nuestro objetivo es ofrecer soluciones claras, efectivas y sostenibles.<\/p>\t\t\t\t\t\t\t\t<\/div>\n\t\t\t\t<\/div>\n\t\t\t\t\t<\/div>\n\t\t\t\t<\/div>\n\t\t<div class=\"elementor-element elementor-element-7dfa53d e-flex e-con-boxed e-con e-parent\" data-id=\"7dfa53d\" data-element_type=\"container\" id=\"ayudamos\" data-settings=\"{&quot;background_background&quot;:&quot;classic&quot;}\">\n\t\t\t\t\t<div class=\"e-con-inner\">\n\t\t\t\t<div class=\"elementor-element elementor-element-62f6399 elementor-widget elementor-widget-heading\" data-id=\"62f6399\" data-element_type=\"widget\" data-widget_type=\"heading.default\">\n\t\t\t\t\t<h2 class=\"elementor-heading-title elementor-size-default\">A qui\u00e9n ayudamos<\/h2>\t\t\t\t<\/div>\n\t\t\t\t<div class=\"elementor-element elementor-element-d5cf207 elementor-widget elementor-widget-spacer\" data-id=\"d5cf207\" data-element_type=\"widget\" data-widget_type=\"spacer.default\">\n\t\t\t\t\t\t\t<div class=\"elementor-spacer\">\n\t\t\t<div class=\"elementor-spacer-inner\"><\/div>\n\t\t<\/div>\n\t\t\t\t\t\t<\/div>\n\t\t<div class=\"elementor-element elementor-element-648d03d e-grid e-con-full e-con e-child\" data-id=\"648d03d\" data-element_type=\"container\">\n\t\t\t\t<div class=\"elementor-element elementor-element-ffcbd3a elementor-position-top elementor-widget elementor-widget-image-box\" data-id=\"ffcbd3a\" data-element_type=\"widget\" data-widget_type=\"image-box.default\">\n\t\t\t\t\t<div class=\"elementor-image-box-wrapper\"><figure class=\"elementor-image-box-img\"><img loading=\"lazy\" decoding=\"async\" width=\"1024\" height=\"683\" src=\"https:\/\/rokorendo.com\/wp-content\/uploads\/2025\/12\/gestion-financiera-1024x683-1.jpg\" class=\"attachment-full size-full wp-image-31\" alt=\"\" srcset=\"https:\/\/rokorendo.com\/wp-content\/uploads\/2025\/12\/gestion-financiera-1024x683-1.jpg 1024w, https:\/\/rokorendo.com\/wp-content\/uploads\/2025\/12\/gestion-financiera-1024x683-1-300x200.jpg 300w, https:\/\/rokorendo.com\/wp-content\/uploads\/2025\/12\/gestion-financiera-1024x683-1-768x512.jpg 768w\" sizes=\"(max-width: 1024px) 100vw, 1024px\" \/><\/figure><div class=\"elementor-image-box-content\"><h3 class=\"elementor-image-box-title\">Empresas<\/h3><p class=\"elementor-image-box-description\">Empresas que necesitan apoyo en gesti\u00f3n, operativa o reorganizaci\u00f3n<\/p><\/div><\/div>\t\t\t\t<\/div>\n\t\t\t\t<div class=\"elementor-element elementor-element-378bf5a elementor-position-top elementor-widget elementor-widget-image-box\" data-id=\"378bf5a\" data-element_type=\"widget\" data-widget_type=\"image-box.default\">\n\t\t\t\t\t<div class=\"elementor-image-box-wrapper\"><figure class=\"elementor-image-box-img\"><img loading=\"lazy\" decoding=\"async\" width=\"910\" height=\"605\" src=\"https:\/\/rokorendo.com\/wp-content\/uploads\/2025\/12\/rokorendo-gestion-economica.png\" class=\"attachment-full size-full wp-image-28\" alt=\"\" srcset=\"https:\/\/rokorendo.com\/wp-content\/uploads\/2025\/12\/rokorendo-gestion-economica.png 910w, https:\/\/rokorendo.com\/wp-content\/uploads\/2025\/12\/rokorendo-gestion-economica-300x199.png 300w, https:\/\/rokorendo.com\/wp-content\/uploads\/2025\/12\/rokorendo-gestion-economica-768x511.png 768w\" sizes=\"(max-width: 910px) 100vw, 910px\" \/><\/figure><div class=\"elementor-image-box-content\"><h3 class=\"elementor-image-box-title\">Particulares<\/h3><p class=\"elementor-image-box-description\">Particulares con situaciones econ\u00f3micas o patrimoniales complejas<\/p><\/div><\/div>\t\t\t\t<\/div>\n\t\t\t\t<div class=\"elementor-element elementor-element-3549cc4 elementor-position-top elementor-widget elementor-widget-image-box\" data-id=\"3549cc4\" data-element_type=\"widget\" data-widget_type=\"image-box.default\">\n\t\t\t\t\t<div class=\"elementor-image-box-wrapper\"><figure class=\"elementor-image-box-img\"><img loading=\"lazy\" decoding=\"async\" width=\"1000\" height=\"666\" src=\"https:\/\/rokorendo.com\/wp-content\/uploads\/2025\/12\/salud-empresa-rentabilidad-economica.jpeg\" class=\"attachment-full size-full wp-image-32\" alt=\"\" srcset=\"https:\/\/rokorendo.com\/wp-content\/uploads\/2025\/12\/salud-empresa-rentabilidad-economica.jpeg 1000w, https:\/\/rokorendo.com\/wp-content\/uploads\/2025\/12\/salud-empresa-rentabilidad-economica-300x200.jpeg 300w, https:\/\/rokorendo.com\/wp-content\/uploads\/2025\/12\/salud-empresa-rentabilidad-economica-768x511.jpeg 768w\" sizes=\"(max-width: 1000px) 100vw, 1000px\" \/><\/figure><div class=\"elementor-image-box-content\"><h3 class=\"elementor-image-box-title\">Inversores<\/h3><p class=\"elementor-image-box-description\">Inversores y promotores que buscan asesoramiento en operaciones inmobiliarias<\/p><\/div><\/div>\t\t\t\t<\/div>\n\t\t\t\t<div class=\"elementor-element elementor-element-2611056 elementor-position-top elementor-widget elementor-widget-image-box\" data-id=\"2611056\" data-element_type=\"widget\" data-widget_type=\"image-box.default\">\n\t\t\t\t\t<div class=\"elementor-image-box-wrapper\"><figure class=\"elementor-image-box-img\"><img loading=\"lazy\" decoding=\"async\" width=\"1024\" height=\"682\" src=\"https:\/\/rokorendo.com\/wp-content\/uploads\/2025\/12\/inteligencia-financiera.jpg\" class=\"attachment-full size-full wp-image-34\" alt=\"\" srcset=\"https:\/\/rokorendo.com\/wp-content\/uploads\/2025\/12\/inteligencia-financiera.jpg 1024w, https:\/\/rokorendo.com\/wp-content\/uploads\/2025\/12\/inteligencia-financiera-300x200.jpg 300w, https:\/\/rokorendo.com\/wp-content\/uploads\/2025\/12\/inteligencia-financiera-768x512.jpg 768w\" sizes=\"(max-width: 1024px) 100vw, 1024px\" \/><\/figure><div class=\"elementor-image-box-content\"><h3 class=\"elementor-image-box-title\">Proyectos<\/h3><p class=\"elementor-image-box-description\">Proyectos que requieren intervenci\u00f3n inmediata y profesional<\/p><\/div><\/div>\t\t\t\t<\/div>\n\t\t\t\t<\/div>\n\t\t\t\t\t<\/div>\n\t\t\t\t<\/div>\n\t\t<div class=\"elementor-element elementor-element-9527db1 e-flex e-con-boxed e-con e-parent\" data-id=\"9527db1\" data-element_type=\"container\">\n\t\t\t\t\t<div class=\"e-con-inner\">\n\t\t\t\t<div class=\"elementor-element elementor-element-0841bdc elementor-widget elementor-widget-heading\" data-id=\"0841bdc\" data-element_type=\"widget\" data-widget_type=\"heading.default\">\n\t\t\t\t\t<h2 class=\"elementor-heading-title elementor-size-default\">Contacta<\/h2>\t\t\t\t<\/div>\n\t\t\t\t<div class=\"elementor-element elementor-element-f7f592d elementor-widget elementor-widget-spacer\" data-id=\"f7f592d\" data-element_type=\"widget\" data-widget_type=\"spacer.default\">\n\t\t\t\t\t\t\t<div class=\"elementor-spacer\">\n\t\t\t<div class=\"elementor-spacer-inner\"><\/div>\n\t\t<\/div>\n\t\t\t\t\t\t<\/div>\n\t\t\t\t<div class=\"elementor-element elementor-element-386d612 elementor-widget elementor-widget-text-editor\" data-id=\"386d612\" data-element_type=\"widget\" data-widget_type=\"text-editor.default\">\n\t\t\t\t\t\t\t\t\t<p>rokorendo@gmail.com<\/p>\t\t\t\t\t\t\t\t<\/div>\n\t\t\t\t<div class=\"elementor-element elementor-element-7a71b8e elementor-widget elementor-widget-image\" data-id=\"7a71b8e\" data-element_type=\"widget\" data-widget_type=\"image.default\">\n\t\t\t\t\t\t\t\t\t\t\t\t\t\t\t<img fetchpriority=\"high\" decoding=\"async\" width=\"800\" height=\"179\" src=\"https:\/\/rokorendo.com\/wp-content\/uploads\/2025\/12\/logo-rokorendo-1024x229.png\" class=\"attachment-large size-large wp-image-14\" alt=\"\" srcset=\"https:\/\/rokorendo.com\/wp-content\/uploads\/2025\/12\/logo-rokorendo-1024x229.png 1024w, https:\/\/rokorendo.com\/wp-content\/uploads\/2025\/12\/logo-rokorendo-300x67.png 300w, https:\/\/rokorendo.com\/wp-content\/uploads\/2025\/12\/logo-rokorendo-768x171.png 768w, https:\/\/rokorendo.com\/wp-content\/uploads\/2025\/12\/logo-rokorendo.png 1241w\" sizes=\"(max-width: 800px) 100vw, 800px\" \/>\t\t\t\t\t\t\t\t\t\t\t\t\t\t\t<\/div>\n\t\t\t\t<div class=\"elementor-element elementor-element-0fbda1b elementor-icon-list--layout-inline elementor-align-center elementor-list-item-link-full_width elementor-widget elementor-widget-icon-list\" data-id=\"0fbda1b\" data-element_type=\"widget\" data-widget_type=\"icon-list.default\">\n\t\t\t\t\t\t\t<ul class=\"elementor-icon-list-items elementor-inline-items\">\n\t\t\t\t\t\t\t<li class=\"elementor-icon-list-item elementor-inline-item\">\n\t\t\t\t\t\t\t\t\t\t<span class=\"elementor-icon-list-text\">Pol\u00edtica de privacidad<\/span>\n\t\t\t\t\t\t\t\t\t<\/li>\n\t\t\t\t\t\t\t\t<li class=\"elementor-icon-list-item elementor-inline-item\">\n\t\t\t\t\t\t\t\t\t\t<span class=\"elementor-icon-list-text\">Pol\u00edtica de cookies<\/span>\n\t\t\t\t\t\t\t\t\t<\/li>\n\t\t\t\t\t\t<\/ul>\n\t\t\t\t\t\t<\/div>\n\t\t\t\t\t<\/div>\n\t\t\t\t<\/div>\n\t\t\t\t<\/div>\n\t\t","protected":false},"excerpt":{"rendered":"<p>Soluciones en gesti\u00f3n econ\u00f3mica e inmobiliaria En Rokorendo ofrecemos apoyo especializado en proyectos econ\u00f3micos e inmobiliarios, aportando claridad, orden y soluciones pr\u00e1cticas en cada etapa. Acompa\u00f1amos tanto a empresas como a particulares en la gesti\u00f3n, organizaci\u00f3n y resoluci\u00f3n de situaciones complejas, siempre con un enfoque directo, discreto y orientado a resultados. Qui\u00e9nes somos En Rokorendo [&hellip;]<\/p>\n","protected":false},"author":1,"featured_media":0,"parent":0,"menu_order":0,"comment_status":"closed","ping_status":"closed","template":"","meta":{"footnotes":""},"class_list":["post-12","page","type-page","status-publish","hentry"],"_links":{"self":[{"href":"https:\/\/rokorendo.com\/index.php\/wp-json\/wp\/v2\/pages\/12","targetHints":{"allow":["GET"]}}],"collection":[{"href":"https:\/\/rokorendo.com\/index.php\/wp-json\/wp\/v2\/pages"}],"about":[{"href":"https:\/\/rokorendo.com\/index.php\/wp-json\/wp\/v2\/types\/page"}],"author":[{"embeddable":true,"href":"https:\/\/rokorendo.com\/index.php\/wp-json\/wp\/v2\/users\/1"}],"replies":[{"embeddable":true,"href":"https:\/\/rokorendo.com\/index.php\/wp-json\/wp\/v2\/comments?post=12"}],"version-history":[{"count":22,"href":"https:\/\/rokorendo.com\/index.php\/wp-json\/wp\/v2\/pages\/12\/revisions"}],"predecessor-version":[{"id":70,"href":"https:\/\/rokorendo.com\/index.php\/wp-json\/wp\/v2\/pages\/12\/revisions\/70"}],"wp:attachment":[{"href":"https:\/\/rokorendo.com\/index.php\/wp-json\/wp\/v2\/media?parent=12"}],"curies":[{"name":"wp","href":"https:\/\/api.w.org\/{rel}","templated":true}]}}